{"id":2222,"date":"2020-02-12T12:53:22","date_gmt":"2020-02-12T12:53:22","guid":{"rendered":"https:\/\/behaven-properties.com\/home\/"},"modified":"2026-02-13T02:47:47","modified_gmt":"2026-02-13T02:47:47","slug":"home","status":"publish","type":"page","link":"https:\/\/behaven-properties.com\/fr\/","title":{"rendered":"Home"},"content":{"rendered":"\t\t<div data-elementor-type=\"wp-page\" data-elementor-id=\"2222\" class=\"elementor elementor-2222 elementor-127\">\n\t\t\t\t\t\t<section class=\"elementor-section elementor-top-section elementor-element elementor-element-d3a1c12 elementor-section-full_width elementor-hidden-mobile elementor-section-height-default elementor-section-height-default parallax_section_no qode_elementor_container_no\" data-id=\"d3a1c12\" data-element_type=\"section\" data-e-type=\"section\">\n\t\t\t\t\t\t<div class=\"elementor-container elementor-column-gap-no\">\n\t\t\t\t\t<div class=\"elementor-column elementor-col-100 elementor-top-column elementor-element elementor-element-e68ea24\" data-id=\"e68ea24\" data-element_type=\"column\" data-e-type=\"column\">\n\t\t\t<div class=\"elementor-widget-wrap elementor-element-populated\">\n\t\t\t\t\t\t<div class=\"elementor-element elementor-element-8e9fb37 elementor-widget elementor-widget-bridge_portfolio_project_slider\" data-id=\"8e9fb37\" data-element_type=\"widget\" data-e-type=\"widget\" data-widget_type=\"bridge_portfolio_project_slider.default\">\n\t\t\t\t<div class=\"elementor-widget-container\">\n\t\t\t\t\t<div class=\"qode-portfolio-project-slider swiper-container qode-pps-light\" data-options=\"{&quot;slidesPerView&quot;:1,&quot;spaceBetween&quot;:0,&quot;loop&quot;:true,&quot;mousewheel&quot;:true,&quot;autoplay&quot;:true,&quot;speed&quot;:&quot;3000&quot;,&quot;speedAnimation&quot;:&quot;800&quot;}\">\n\n\t<div class=\"swiper-wrapper\">\n\t\t\n\t\t<article class=\"qode-portfolio-project-slider-item swiper-slide\">\n\t<div class=\"qode-pps-inner\">\n\t\t\n\t\t<div class=\"qode-pps-image\">\n\t\t\t<img fetchpriority=\"high\" decoding=\"async\" width=\"1800\" height=\"993\" src=\"https:\/\/i0.wp.com\/behaven-properties.com\/wp-content\/uploads\/2025\/01\/Art-Chalet-Outdoor-by-night-e1737524716178.jpeg?fit=1800%2C993&amp;ssl=1\" class=\"attachment-full size-full wp-post-image\" alt=\"Art Chalet - Be Haven\" srcset=\"https:\/\/i0.wp.com\/behaven-properties.com\/wp-content\/uploads\/2025\/01\/Art-Chalet-Outdoor-by-night-e1737524716178.jpeg?w=1800&amp;ssl=1 1800w, https:\/\/i0.wp.com\/behaven-properties.com\/wp-content\/uploads\/2025\/01\/Art-Chalet-Outdoor-by-night-e1737524716178.jpeg?resize=300%2C166&amp;ssl=1 300w, https:\/\/i0.wp.com\/behaven-properties.com\/wp-content\/uploads\/2025\/01\/Art-Chalet-Outdoor-by-night-e1737524716178.jpeg?resize=1024%2C565&amp;ssl=1 1024w, https:\/\/i0.wp.com\/behaven-properties.com\/wp-content\/uploads\/2025\/01\/Art-Chalet-Outdoor-by-night-e1737524716178.jpeg?resize=768%2C424&amp;ssl=1 768w, https:\/\/i0.wp.com\/behaven-properties.com\/wp-content\/uploads\/2025\/01\/Art-Chalet-Outdoor-by-night-e1737524716178.jpeg?resize=1536%2C847&amp;ssl=1 1536w, https:\/\/i0.wp.com\/behaven-properties.com\/wp-content\/uploads\/2025\/01\/Art-Chalet-Outdoor-by-night-e1737524716178.jpeg?resize=700%2C386&amp;ssl=1 700w\" sizes=\"(max-width: 1060px) 100vw, 1060px\" \/>\t\t\t\n\t\t\t<h3 itemprop=\"name\" class=\"qodef-pps-title\">\n    \t<a itemprop=\"url\" class=\"qode-pps-title-link\" href=\"https:\/\/behaven-properties.com\/fr\/portfolio_page\/art-chalet\/\" target=\"_self\">Art Chalet<\/a>\n<\/h3>\t\t\t\n\t\t\t<div class=\"qode-pps-bottom-content\">\n\t\t\t\t<div class=\"qode-qode-pps-info\">\n\t\t\t\t\t\t\t\t<div class=\"qode-pps-custom-field\">\n\t\t\t\t\t\t\t\t\t<span>Courchevel 1850<\/span>\n\t\t\t\t\t\t\t\t<p>\n\t\t\t\t\t\t\t\t\t\t\t\t\t\t\t\t\t\t\t\t<\/p>\n\t\t\t<\/div>\n\t\t\t\t\t\t<div class=\"qode-pps-custom-field\">\n\t\t\t\t\t\t\t\t<p>\n\t\t\t\t\t\t\t\t\t\t\t<a itemprop=\"url\" href=\"https:\/\/behaven-properties.com\/fr\/art-chalet-courchevel\/\" target=\"_blank\">\n\t\t\t\t\t\t\tD\u00e9tails de la location\t\t\t\t\t\t<\/a>\n\t\t\t\t\t\t\t\t\t<\/p>\n\t\t\t<\/div>\n\t\t\t\t\t\t\t\t\t\t\t\t<\/div>\n\t\t\t\t\n\t\t\t\t\t<div class=\"qode-read-more\">\n\t\t\t<a href=\"https:\/\/behaven-properties.com\/fr\/portfolio_page\/art-chalet\/\" target=\"_self\"  class=\"qode-btn qode-btn-medium qode-btn-simple qode-btn-default-hover\"  >\t    <span class=\"qode-btn-text\">Know More<\/span>\t<\/a>\t<\/div>\n\t\t\t\n\t\t\t<\/div>\n\t\t<\/div>\n\t\n\t<\/div>\n<\/article><article class=\"qode-portfolio-project-slider-item swiper-slide\">\n\t<div class=\"qode-pps-inner\">\n\t\t\n\t\t<div class=\"qode-pps-image\">\n\t\t\t<img decoding=\"async\" width=\"1800\" height=\"1350\" src=\"https:\/\/i0.wp.com\/behaven-properties.com\/wp-content\/uploads\/2020\/02\/Louria_EhrmannsPartners_165-e1770948451651.jpg?fit=1800%2C1350&amp;ssl=1\" class=\"attachment-full size-full wp-post-image\" alt=\"\" \/>\t\t\t\n\t\t\t<h3 itemprop=\"name\" class=\"qodef-pps-title\">\n    \t<a itemprop=\"url\" class=\"qode-pps-title-link\" href=\"https:\/\/behaven-properties.com\/fr\/portfolio_page\/villa-mas-louria\/\" target=\"_self\">Mas Louria<\/a>\n<\/h3>\t\t\t\n\t\t\t<div class=\"qode-pps-bottom-content\">\n\t\t\t\t<div class=\"qode-qode-pps-info\">\n\t\t\t\t\t\t\t\t<div class=\"qode-pps-custom-field\">\n\t\t\t\t\t\t\t\t\t<span>Saint-R\u00e9my-de-Provence<\/span>\n\t\t\t\t\t\t\t\t<p>\n\t\t\t\t\t\t\t\t\t\t\t<a itemprop=\"url\" href=\"https:\/\/behaven-properties.com\/louria\/\" target=\"_blank\">\n\t\t\t\t\t\t\t\t\t\t\t\t\t<\/a>\n\t\t\t\t\t\t\t\t\t<\/p>\n\t\t\t<\/div>\n\t\t\t\t\t\t<div class=\"qode-pps-custom-field\">\n\t\t\t\t\t\t\t\t<p>\n\t\t\t\t\t\t\t\t\t\t\t<a itemprop=\"url\" href=\"https:\/\/behaven-properties.com\/fr\/villa-mas-louria\/\" target=\"_blank\">\n\t\t\t\t\t\t\tD\u00e9tails de la location\t\t\t\t\t\t<\/a>\n\t\t\t\t\t\t\t\t\t<\/p>\n\t\t\t<\/div>\n\t\t\t\t\t\t\t\t\t\t\t\t<\/div>\n\t\t\t\t\n\t\t\t\t\t<div class=\"qode-read-more\">\n\t\t\t<a href=\"https:\/\/behaven-properties.com\/fr\/portfolio_page\/villa-mas-louria\/\" target=\"_self\"  class=\"qode-btn qode-btn-medium qode-btn-simple qode-btn-default-hover\"  >\t    <span class=\"qode-btn-text\">Know More<\/span>\t<\/a>\t<\/div>\n\t\t\t\n\t\t\t<\/div>\n\t\t<\/div>\n\t\n\t<\/div>\n<\/article><article class=\"qode-portfolio-project-slider-item swiper-slide\">\n\t<div class=\"qode-pps-inner\">\n\t\t\n\t\t<div class=\"qode-pps-image\">\n\t\t\t<img decoding=\"async\" width=\"1800\" height=\"993\" src=\"https:\/\/i0.wp.com\/behaven-properties.com\/wp-content\/uploads\/2025\/01\/Villa-Mougins-415-e1737524765616.jpg?fit=1800%2C993&amp;ssl=1\" class=\"attachment-full size-full wp-post-image\" alt=\"Villa Mac Mougins - Be Haven - Swimming pool\" srcset=\"https:\/\/i0.wp.com\/behaven-properties.com\/wp-content\/uploads\/2025\/01\/Villa-Mougins-415-e1737524765616.jpg?w=1800&amp;ssl=1 1800w, https:\/\/i0.wp.com\/behaven-properties.com\/wp-content\/uploads\/2025\/01\/Villa-Mougins-415-e1737524765616.jpg?resize=300%2C166&amp;ssl=1 300w, https:\/\/i0.wp.com\/behaven-properties.com\/wp-content\/uploads\/2025\/01\/Villa-Mougins-415-e1737524765616.jpg?resize=1024%2C565&amp;ssl=1 1024w, https:\/\/i0.wp.com\/behaven-properties.com\/wp-content\/uploads\/2025\/01\/Villa-Mougins-415-e1737524765616.jpg?resize=768%2C424&amp;ssl=1 768w, https:\/\/i0.wp.com\/behaven-properties.com\/wp-content\/uploads\/2025\/01\/Villa-Mougins-415-e1737524765616.jpg?resize=1536%2C847&amp;ssl=1 1536w, https:\/\/i0.wp.com\/behaven-properties.com\/wp-content\/uploads\/2025\/01\/Villa-Mougins-415-e1737524765616.jpg?resize=700%2C386&amp;ssl=1 700w\" sizes=\"(max-width: 1060px) 100vw, 1060px\" \/>\t\t\t\n\t\t\t<h3 itemprop=\"name\" class=\"qodef-pps-title\">\n    \t<a itemprop=\"url\" class=\"qode-pps-title-link\" href=\"https:\/\/behaven-properties.com\/fr\/portfolio_page\/villa-mac\/\" target=\"_self\">VILLA MAC<\/a>\n<\/h3>\t\t\t\n\t\t\t<div class=\"qode-pps-bottom-content\">\n\t\t\t\t<div class=\"qode-qode-pps-info\">\n\t\t\t\t\t\t\t\t<div class=\"qode-pps-custom-field\">\n\t\t\t\t\t\t\t\t\t<span>Mougins<\/span>\n\t\t\t\t\t\t\t\t<p>\n\t\t\t\t\t\t\t\t\t\t\t<a itemprop=\"url\" href=\"https:\/\/behaven-properties.com\/villa-mac-mougins\/\" target=\"_blank\">\n\t\t\t\t\t\t\t\t\t\t\t\t\t<\/a>\n\t\t\t\t\t\t\t\t\t<\/p>\n\t\t\t<\/div>\n\t\t\t\t\t\t<div class=\"qode-pps-custom-field\">\n\t\t\t\t\t\t\t\t<p>\n\t\t\t\t\t\t\t\t\t\t\t<a itemprop=\"url\" href=\"https:\/\/behaven-properties.com\/fr\/villa-mac-mougins\/\" target=\"_blank\">\n\t\t\t\t\t\t\tD\u00e9tails de la location\t\t\t\t\t\t<\/a>\n\t\t\t\t\t\t\t\t\t<\/p>\n\t\t\t<\/div>\n\t\t\t\t\t\t\t\t\t\t\t\t<\/div>\n\t\t\t\t\n\t\t\t\t\t<div class=\"qode-read-more\">\n\t\t\t<a href=\"https:\/\/behaven-properties.com\/fr\/portfolio_page\/villa-mac\/\" target=\"_self\"  class=\"qode-btn qode-btn-medium qode-btn-simple qode-btn-default-hover\"  >\t    <span class=\"qode-btn-text\">Know More<\/span>\t<\/a>\t<\/div>\n\t\t\t\n\t\t\t<\/div>\n\t\t<\/div>\n\t\n\t<\/div>\n<\/article>\t\t\n\t<\/div>\n\t\n\t\t\t<div class=\"swiper-pagination\"><\/div>\n\t\t\n\t\t\n<\/div>\t\t\t\t<\/div>\n\t\t\t\t<\/div>\n\t\t\t\t\t<\/div>\n\t\t<\/div>\n\t\t\t\t\t<\/div>\n\t\t<\/section>\n\t\t\t\t<section class=\"elementor-section elementor-top-section elementor-element elementor-element-a34d6de elementor-section-full_width elementor-hidden-desktop elementor-hidden-tablet elementor-section-height-default elementor-section-height-default parallax_section_no qode_elementor_container_no\" data-id=\"a34d6de\" data-element_type=\"section\" data-e-type=\"section\">\n\t\t\t\t\t\t<div class=\"elementor-container elementor-column-gap-no\">\n\t\t\t\t\t<div class=\"elementor-column elementor-col-33 elementor-top-column elementor-element elementor-element-749c07d\" data-id=\"749c07d\" data-element_type=\"column\" data-e-type=\"column\">\n\t\t\t<div class=\"elementor-widget-wrap elementor-element-populated\">\n\t\t\t\t\t\t<div class=\"elementor-element elementor-element-9469431 elementor-widget elementor-widget-qi_addons_for_elementor_section_title\" data-id=\"9469431\" data-element_type=\"widget\" data-e-type=\"widget\" data-widget_type=\"qi_addons_for_elementor_section_title.default\">\n\t\t\t\t<div class=\"elementor-widget-container\">\n\t\t\t\t\t<div class=\"qodef-shortcode qodef-m qodef-qi-section-title qodef-decoration--italic qodef-link--underline-draw qodef-subtitle-icon--left\">\n\t\t\t\t\t\t<h2 class=\"qodef-m-title\">\n\t\tART CHALET\t<\/h2>\n\t\t\t<\/div>\n\t\t\t\t<\/div>\n\t\t\t\t<\/div>\n\t\t\t\t<div class=\"elementor-element elementor-element-cafcc2a elementor-widget elementor-widget-image\" data-id=\"cafcc2a\" data-element_type=\"widget\" data-e-type=\"widget\" data-widget_type=\"image.default\">\n\t\t\t\t<div class=\"elementor-widget-container\">\n\t\t\t\t\t\t\t\t\t\t\t\t\t\t\t\t<a href=\"https:\/\/behaven-properties.com\/fr\/art-chalet\/\">\n\t\t\t\t\t\t\t<img loading=\"lazy\" decoding=\"async\" width=\"1024\" height=\"565\" src=\"https:\/\/i0.wp.com\/behaven-properties.com\/wp-content\/uploads\/2025\/01\/Art-Chalet-Outdoor-by-night-e1737524716178.jpeg?fit=1024%2C565&amp;ssl=1\" class=\"attachment-large size-large wp-image-2047\" alt=\"Art Chalet - Be Haven\" srcset=\"https:\/\/i0.wp.com\/behaven-properties.com\/wp-content\/uploads\/2025\/01\/Art-Chalet-Outdoor-by-night-e1737524716178.jpeg?w=1800&amp;ssl=1 1800w, https:\/\/i0.wp.com\/behaven-properties.com\/wp-content\/uploads\/2025\/01\/Art-Chalet-Outdoor-by-night-e1737524716178.jpeg?resize=300%2C166&amp;ssl=1 300w, https:\/\/i0.wp.com\/behaven-properties.com\/wp-content\/uploads\/2025\/01\/Art-Chalet-Outdoor-by-night-e1737524716178.jpeg?resize=1024%2C565&amp;ssl=1 1024w, https:\/\/i0.wp.com\/behaven-properties.com\/wp-content\/uploads\/2025\/01\/Art-Chalet-Outdoor-by-night-e1737524716178.jpeg?resize=768%2C424&amp;ssl=1 768w, https:\/\/i0.wp.com\/behaven-properties.com\/wp-content\/uploads\/2025\/01\/Art-Chalet-Outdoor-by-night-e1737524716178.jpeg?resize=1536%2C847&amp;ssl=1 1536w, https:\/\/i0.wp.com\/behaven-properties.com\/wp-content\/uploads\/2025\/01\/Art-Chalet-Outdoor-by-night-e1737524716178.jpeg?resize=700%2C386&amp;ssl=1 700w\" sizes=\"(max-width: 1024px) 100vw, 1024px\" \/>\t\t\t\t\t\t\t\t<\/a>\n\t\t\t\t\t\t\t\t\t\t\t\t\t\t\t<\/div>\n\t\t\t\t<\/div>\n\t\t\t\t\t<\/div>\n\t\t<\/div>\n\t\t\t\t<div class=\"elementor-column elementor-col-33 elementor-top-column elementor-element elementor-element-27de229\" data-id=\"27de229\" data-element_type=\"column\" data-e-type=\"column\">\n\t\t\t<div class=\"elementor-widget-wrap elementor-element-populated\">\n\t\t\t\t\t\t<div class=\"elementor-element elementor-element-08ac7b2 elementor-widget elementor-widget-qi_addons_for_elementor_section_title\" data-id=\"08ac7b2\" data-element_type=\"widget\" data-e-type=\"widget\" data-widget_type=\"qi_addons_for_elementor_section_title.default\">\n\t\t\t\t<div class=\"elementor-widget-container\">\n\t\t\t\t\t<div class=\"qodef-shortcode qodef-m qodef-qi-section-title qodef-decoration--italic qodef-link--underline-draw qodef-subtitle-icon--left\">\n\t\t\t\t\t\t<h2 class=\"qodef-m-title\">\n\t\tMAS LOURIA\t<\/h2>\n\t\t\t<\/div>\n\t\t\t\t<\/div>\n\t\t\t\t<\/div>\n\t\t\t\t<div class=\"elementor-element elementor-element-f4026a6 elementor-widget elementor-widget-image\" data-id=\"f4026a6\" data-element_type=\"widget\" data-e-type=\"widget\" data-widget_type=\"image.default\">\n\t\t\t\t<div class=\"elementor-widget-container\">\n\t\t\t\t\t\t\t\t\t\t\t\t\t\t\t\t<a href=\"https:\/\/behaven-properties.com\/fr\/villa-mas-louria\/\">\n\t\t\t\t\t\t\t<img loading=\"lazy\" decoding=\"async\" width=\"1024\" height=\"768\" src=\"https:\/\/i0.wp.com\/behaven-properties.com\/wp-content\/uploads\/2020\/02\/Louria_EhrmannsPartners_165-e1770948451651.jpg?fit=1024%2C768&amp;ssl=1\" class=\"attachment-large size-large wp-image-2973\" alt=\"\" \/>\t\t\t\t\t\t\t\t<\/a>\n\t\t\t\t\t\t\t\t\t\t\t\t\t\t\t<\/div>\n\t\t\t\t<\/div>\n\t\t\t\t\t<\/div>\n\t\t<\/div>\n\t\t\t\t<div class=\"elementor-column elementor-col-33 elementor-top-column elementor-element elementor-element-0731503\" data-id=\"0731503\" data-element_type=\"column\" data-e-type=\"column\">\n\t\t\t<div class=\"elementor-widget-wrap elementor-element-populated\">\n\t\t\t\t\t\t<div class=\"elementor-element elementor-element-66b3b72 elementor-widget elementor-widget-qi_addons_for_elementor_section_title\" data-id=\"66b3b72\" data-element_type=\"widget\" data-e-type=\"widget\" data-widget_type=\"qi_addons_for_elementor_section_title.default\">\n\t\t\t\t<div class=\"elementor-widget-container\">\n\t\t\t\t\t<div class=\"qodef-shortcode qodef-m qodef-qi-section-title qodef-decoration--italic qodef-link--underline-draw qodef-subtitle-icon--left\">\n\t\t\t\t\t\t<h2 class=\"qodef-m-title\">\n\t\tVILLA MAC\t<\/h2>\n\t\t\t<\/div>\n\t\t\t\t<\/div>\n\t\t\t\t<\/div>\n\t\t\t\t<div class=\"elementor-element elementor-element-59bd3da elementor-widget elementor-widget-image\" data-id=\"59bd3da\" data-element_type=\"widget\" data-e-type=\"widget\" data-widget_type=\"image.default\">\n\t\t\t\t<div class=\"elementor-widget-container\">\n\t\t\t\t\t\t\t\t\t\t\t\t\t\t\t\t<a href=\"https:\/\/behaven-properties.com\/fr\/villa-mac\/\">\n\t\t\t\t\t\t\t<img loading=\"lazy\" decoding=\"async\" width=\"1024\" height=\"565\" src=\"https:\/\/i0.wp.com\/behaven-properties.com\/wp-content\/uploads\/2025\/01\/Villa-Mougins-415-e1737524765616.jpg?fit=1024%2C565&amp;ssl=1\" class=\"attachment-large size-large wp-image-2191\" alt=\"Villa Mac Mougins - Be Haven - Swimming pool\" srcset=\"https:\/\/i0.wp.com\/behaven-properties.com\/wp-content\/uploads\/2025\/01\/Villa-Mougins-415-e1737524765616.jpg?w=1800&amp;ssl=1 1800w, https:\/\/i0.wp.com\/behaven-properties.com\/wp-content\/uploads\/2025\/01\/Villa-Mougins-415-e1737524765616.jpg?resize=300%2C166&amp;ssl=1 300w, https:\/\/i0.wp.com\/behaven-properties.com\/wp-content\/uploads\/2025\/01\/Villa-Mougins-415-e1737524765616.jpg?resize=1024%2C565&amp;ssl=1 1024w, https:\/\/i0.wp.com\/behaven-properties.com\/wp-content\/uploads\/2025\/01\/Villa-Mougins-415-e1737524765616.jpg?resize=768%2C424&amp;ssl=1 768w, https:\/\/i0.wp.com\/behaven-properties.com\/wp-content\/uploads\/2025\/01\/Villa-Mougins-415-e1737524765616.jpg?resize=1536%2C847&amp;ssl=1 1536w, https:\/\/i0.wp.com\/behaven-properties.com\/wp-content\/uploads\/2025\/01\/Villa-Mougins-415-e1737524765616.jpg?resize=700%2C386&amp;ssl=1 700w\" sizes=\"(max-width: 1024px) 100vw, 1024px\" \/>\t\t\t\t\t\t\t\t<\/a>\n\t\t\t\t\t\t\t\t\t\t\t\t\t\t\t<\/div>\n\t\t\t\t<\/div>\n\t\t\t\t\t<\/div>\n\t\t<\/div>\n\t\t\t\t\t<\/div>\n\t\t<\/section>\n\t\t\t\t<\/div>\n\t\t","protected":false},"excerpt":{"rendered":"<p>Art Chalet Courchevel 1850 Rental details Know More Mas Louria Saint-R\u00e9my-de-Provence Rental details Know More VILLA MAC Mougins Rental details Know More ART CHALET MAS LOURIA VILLA MAC<\/p>\n","protected":false},"author":1,"featured_media":0,"parent":0,"menu_order":0,"comment_status":"closed","ping_status":"closed","template":"full_width.php","meta":{"nf_dc_page":"","footnotes":""},"class_list":["post-2222","page","type-page","status-publish","hentry"],"yoast_head":"<!-- This site is optimized with the Yoast SEO plugin v27.5 - https:\/\/yoast.com\/product\/yoast-seo-wordpress\/ -->\n<title>Be Haven | Propri\u00e9t\u00e9s d&#039;exception et Art de Vivre | By Baccarrat<\/title>\n<meta name=\"description\" content=\"Be Haven est un concept d\u00e9di\u00e9 aux propri\u00e9t\u00e9s d&#039;exception incarnant un art de vivre o\u00f9 le design et l&#039;excellence se rejoignent harmonieusement\" \/>\n<meta name=\"robots\" content=\"index, follow, max-snippet:-1, max-image-preview:large, max-video-preview:-1\" \/>\n<link rel=\"canonical\" href=\"https:\/\/behaven-properties.com\/\" \/>\n<meta property=\"og:locale\" content=\"fr_FR\" \/>\n<meta property=\"og:type\" content=\"article\" \/>\n<meta property=\"og:title\" content=\"Be Haven | Propri\u00e9t\u00e9s d&#039;exception et Art de Vivre | By Baccarrat\" \/>\n<meta property=\"og:description\" content=\"Be Haven est un concept d\u00e9di\u00e9 aux propri\u00e9t\u00e9s d&#039;exception incarnant un art de vivre o\u00f9 le design et l&#039;excellence se rejoignent harmonieusement\" \/>\n<meta property=\"og:url\" content=\"https:\/\/behaven-properties.com\/\" \/>\n<meta property=\"og:site_name\" content=\"Be Haven Properties\" \/>\n<meta property=\"article:modified_time\" content=\"2026-02-13T02:47:47+00:00\" \/>\n<meta property=\"og:image\" content=\"https:\/\/behaven-properties.com\/wp-content\/uploads\/2025\/01\/Art-Chalet-Outdoor-by-night-e1737524716178.jpeg\" \/>\n<meta name=\"twitter:card\" content=\"summary_large_image\" \/>\n<meta name=\"twitter:label1\" content=\"Dur\u00e9e de lecture estim\u00e9e\" \/>\n\t<meta name=\"twitter:data1\" content=\"3 minutes\" \/>\n<script type=\"application\/ld+json\" class=\"yoast-schema-graph\">{\"@context\":\"https:\\\/\\\/schema.org\",\"@graph\":[{\"@type\":\"WebPage\",\"@id\":\"https:\\\/\\\/behaven-properties.com\\\/\",\"url\":\"https:\\\/\\\/behaven-properties.com\\\/\",\"name\":\"Be Haven | Propri\u00e9t\u00e9s d'exception et Art de Vivre | By Baccarrat\",\"isPartOf\":{\"@id\":\"https:\\\/\\\/behaven-properties.com\\\/#website\"},\"primaryImageOfPage\":{\"@id\":\"https:\\\/\\\/behaven-properties.com\\\/#primaryimage\"},\"image\":{\"@id\":\"https:\\\/\\\/behaven-properties.com\\\/#primaryimage\"},\"thumbnailUrl\":\"https:\\\/\\\/behaven-properties.com\\\/wp-content\\\/uploads\\\/2025\\\/01\\\/Art-Chalet-Outdoor-by-night-e1737524716178.jpeg\",\"datePublished\":\"2020-02-12T12:53:22+00:00\",\"dateModified\":\"2026-02-13T02:47:47+00:00\",\"description\":\"Be Haven est un concept d\u00e9di\u00e9 aux propri\u00e9t\u00e9s d'exception incarnant un art de vivre o\u00f9 le design et l'excellence se rejoignent harmonieusement\",\"breadcrumb\":{\"@id\":\"https:\\\/\\\/behaven-properties.com\\\/#breadcrumb\"},\"inLanguage\":\"fr-FR\",\"potentialAction\":[{\"@type\":\"ReadAction\",\"target\":[\"https:\\\/\\\/behaven-properties.com\\\/\"]}]},{\"@type\":\"ImageObject\",\"inLanguage\":\"fr-FR\",\"@id\":\"https:\\\/\\\/behaven-properties.com\\\/#primaryimage\",\"url\":\"https:\\\/\\\/behaven-properties.com\\\/wp-content\\\/uploads\\\/2025\\\/01\\\/Art-Chalet-Outdoor-by-night-e1737524716178.jpeg\",\"contentUrl\":\"https:\\\/\\\/behaven-properties.com\\\/wp-content\\\/uploads\\\/2025\\\/01\\\/Art-Chalet-Outdoor-by-night-e1737524716178.jpeg\"},{\"@type\":\"BreadcrumbList\",\"@id\":\"https:\\\/\\\/behaven-properties.com\\\/#breadcrumb\",\"itemListElement\":[{\"@type\":\"ListItem\",\"position\":1,\"name\":\"Home\",\"item\":\"https:\\\/\\\/behaven-properties.com\\\/\"},{\"@type\":\"ListItem\",\"position\":2,\"name\":\"Home\"}]},{\"@type\":\"WebSite\",\"@id\":\"https:\\\/\\\/behaven-properties.com\\\/#website\",\"url\":\"https:\\\/\\\/behaven-properties.com\\\/\",\"name\":\"Be Haven Properties\",\"description\":\"Your Exclusive Escape\",\"publisher\":{\"@id\":\"https:\\\/\\\/behaven-properties.com\\\/#organization\"},\"alternateName\":\"Be Haven\",\"potentialAction\":[{\"@type\":\"SearchAction\",\"target\":{\"@type\":\"EntryPoint\",\"urlTemplate\":\"https:\\\/\\\/behaven-properties.com\\\/?s={search_term_string}\"},\"query-input\":{\"@type\":\"PropertyValueSpecification\",\"valueRequired\":true,\"valueName\":\"search_term_string\"}}],\"inLanguage\":\"fr-FR\"},{\"@type\":\"Organization\",\"@id\":\"https:\\\/\\\/behaven-properties.com\\\/#organization\",\"name\":\"Be Haven\",\"alternateName\":\"Be Haven Properties\",\"url\":\"https:\\\/\\\/behaven-properties.com\\\/\",\"logo\":{\"@type\":\"ImageObject\",\"inLanguage\":\"fr-FR\",\"@id\":\"https:\\\/\\\/behaven-properties.com\\\/#\\\/schema\\\/logo\\\/image\\\/\",\"url\":\"https:\\\/\\\/behaven-properties.com\\\/wp-content\\\/uploads\\\/2025\\\/01\\\/BeHaven-LogoBLK.png\",\"contentUrl\":\"https:\\\/\\\/behaven-properties.com\\\/wp-content\\\/uploads\\\/2025\\\/01\\\/BeHaven-LogoBLK.png\",\"width\":1800,\"height\":1800,\"caption\":\"Be Haven\"},\"image\":{\"@id\":\"https:\\\/\\\/behaven-properties.com\\\/#\\\/schema\\\/logo\\\/image\\\/\"}}]}<\/script>\n<!-- \/ Yoast SEO plugin. -->","yoast_head_json":{"title":"Be Haven | Propri\u00e9t\u00e9s d'exception et Art de Vivre | By Baccarrat","description":"Be Haven est un concept d\u00e9di\u00e9 aux propri\u00e9t\u00e9s d'exception incarnant un art de vivre o\u00f9 le design et l'excellence se rejoignent harmonieusement","robots":{"index":"index","follow":"follow","max-snippet":"max-snippet:-1","max-image-preview":"max-image-preview:large","max-video-preview":"max-video-preview:-1"},"canonical":"https:\/\/behaven-properties.com\/","og_locale":"fr_FR","og_type":"article","og_title":"Be Haven | Propri\u00e9t\u00e9s d'exception et Art de Vivre | By Baccarrat","og_description":"Be Haven est un concept d\u00e9di\u00e9 aux propri\u00e9t\u00e9s d'exception incarnant un art de vivre o\u00f9 le design et l'excellence se rejoignent harmonieusement","og_url":"https:\/\/behaven-properties.com\/","og_site_name":"Be Haven Properties","article_modified_time":"2026-02-13T02:47:47+00:00","og_image":[{"url":"https:\/\/behaven-properties.com\/wp-content\/uploads\/2025\/01\/Art-Chalet-Outdoor-by-night-e1737524716178.jpeg","type":"","width":"","height":""}],"twitter_card":"summary_large_image","twitter_misc":{"Dur\u00e9e de lecture estim\u00e9e":"3 minutes"},"schema":{"@context":"https:\/\/schema.org","@graph":[{"@type":"WebPage","@id":"https:\/\/behaven-properties.com\/","url":"https:\/\/behaven-properties.com\/","name":"Be Haven | Propri\u00e9t\u00e9s d'exception et Art de Vivre | By Baccarrat","isPartOf":{"@id":"https:\/\/behaven-properties.com\/#website"},"primaryImageOfPage":{"@id":"https:\/\/behaven-properties.com\/#primaryimage"},"image":{"@id":"https:\/\/behaven-properties.com\/#primaryimage"},"thumbnailUrl":"https:\/\/behaven-properties.com\/wp-content\/uploads\/2025\/01\/Art-Chalet-Outdoor-by-night-e1737524716178.jpeg","datePublished":"2020-02-12T12:53:22+00:00","dateModified":"2026-02-13T02:47:47+00:00","description":"Be Haven est un concept d\u00e9di\u00e9 aux propri\u00e9t\u00e9s d'exception incarnant un art de vivre o\u00f9 le design et l'excellence se rejoignent harmonieusement","breadcrumb":{"@id":"https:\/\/behaven-properties.com\/#breadcrumb"},"inLanguage":"fr-FR","potentialAction":[{"@type":"ReadAction","target":["https:\/\/behaven-properties.com\/"]}]},{"@type":"ImageObject","inLanguage":"fr-FR","@id":"https:\/\/behaven-properties.com\/#primaryimage","url":"https:\/\/behaven-properties.com\/wp-content\/uploads\/2025\/01\/Art-Chalet-Outdoor-by-night-e1737524716178.jpeg","contentUrl":"https:\/\/behaven-properties.com\/wp-content\/uploads\/2025\/01\/Art-Chalet-Outdoor-by-night-e1737524716178.jpeg"},{"@type":"BreadcrumbList","@id":"https:\/\/behaven-properties.com\/#breadcrumb","itemListElement":[{"@type":"ListItem","position":1,"name":"Home","item":"https:\/\/behaven-properties.com\/"},{"@type":"ListItem","position":2,"name":"Home"}]},{"@type":"WebSite","@id":"https:\/\/behaven-properties.com\/#website","url":"https:\/\/behaven-properties.com\/","name":"Be Haven Properties","description":"Your Exclusive Escape","publisher":{"@id":"https:\/\/behaven-properties.com\/#organization"},"alternateName":"Be Haven","potentialAction":[{"@type":"SearchAction","target":{"@type":"EntryPoint","urlTemplate":"https:\/\/behaven-properties.com\/?s={search_term_string}"},"query-input":{"@type":"PropertyValueSpecification","valueRequired":true,"valueName":"search_term_string"}}],"inLanguage":"fr-FR"},{"@type":"Organization","@id":"https:\/\/behaven-properties.com\/#organization","name":"Be Haven","alternateName":"Be Haven Properties","url":"https:\/\/behaven-properties.com\/","logo":{"@type":"ImageObject","inLanguage":"fr-FR","@id":"https:\/\/behaven-properties.com\/#\/schema\/logo\/image\/","url":"https:\/\/behaven-properties.com\/wp-content\/uploads\/2025\/01\/BeHaven-LogoBLK.png","contentUrl":"https:\/\/behaven-properties.com\/wp-content\/uploads\/2025\/01\/BeHaven-LogoBLK.png","width":1800,"height":1800,"caption":"Be Haven"},"image":{"@id":"https:\/\/behaven-properties.com\/#\/schema\/logo\/image\/"}}]}},"jetpack_sharing_enabled":true,"_links":{"self":[{"href":"https:\/\/behaven-properties.com\/fr\/wp-json\/wp\/v2\/pages\/2222","targetHints":{"allow":["GET"]}}],"collection":[{"href":"https:\/\/behaven-properties.com\/fr\/wp-json\/wp\/v2\/pages"}],"about":[{"href":"https:\/\/behaven-properties.com\/fr\/wp-json\/wp\/v2\/types\/page"}],"author":[{"embeddable":true,"href":"https:\/\/behaven-properties.com\/fr\/wp-json\/wp\/v2\/users\/1"}],"replies":[{"embeddable":true,"href":"https:\/\/behaven-properties.com\/fr\/wp-json\/wp\/v2\/comments?post=2222"}],"version-history":[{"count":19,"href":"https:\/\/behaven-properties.com\/fr\/wp-json\/wp\/v2\/pages\/2222\/revisions"}],"predecessor-version":[{"id":2981,"href":"https:\/\/behaven-properties.com\/fr\/wp-json\/wp\/v2\/pages\/2222\/revisions\/2981"}],"wp:attachment":[{"href":"https:\/\/behaven-properties.com\/fr\/wp-json\/wp\/v2\/media?parent=2222"}],"curies":[{"name":"wp","href":"https:\/\/api.w.org\/{rel}","templated":true}]}}