{"id":3024,"date":"2020-02-12T15:11:13","date_gmt":"2020-02-12T15:11:13","guid":{"rendered":"https:\/\/behaven-properties.com\/a-propos-de\/"},"modified":"2026-02-13T03:25:52","modified_gmt":"2026-02-13T03:25:52","slug":"a-propos-be-haven","status":"publish","type":"page","link":"https:\/\/behaven-properties.com\/fr\/a-propos-be-haven\/","title":{"rendered":"A propos"},"content":{"rendered":"\t\t<div data-elementor-type=\"wp-page\" data-elementor-id=\"3024\" class=\"elementor elementor-3024 elementor-163\">\n\t\t\t\t\t\t<section class=\"elementor-section elementor-top-section elementor-element elementor-element-2f7fe12 qode_elementor_container_inner elementor-section-boxed elementor-section-height-default elementor-section-height-default parallax_section_no\" data-id=\"2f7fe12\" data-element_type=\"section\" data-e-type=\"section\">\n\t\t\t\t\t\t<div class=\"elementor-container elementor-column-gap-default\">\n\t\t\t\t\t<div class=\"elementor-column elementor-col-50 elementor-top-column elementor-element elementor-element-a57043c\" data-id=\"a57043c\" data-element_type=\"column\" data-e-type=\"column\">\n\t\t\t<div class=\"elementor-widget-wrap elementor-element-populated\">\n\t\t\t\t\t\t<div class=\"elementor-element elementor-element-b5ea378 elementor-widget elementor-widget-text-editor\" data-id=\"b5ea378\" data-element_type=\"widget\" data-e-type=\"widget\" data-widget_type=\"text-editor.default\">\n\t\t\t\t<div class=\"elementor-widget-container\">\n\t\t\t\t\t\t\t\t\t<h3>\u00c0 propos de Be Haven<\/h3>\t\t\t\t\t\t\t\t<\/div>\n\t\t\t\t<\/div>\n\t\t\t\t<div class=\"elementor-element elementor-element-96c30e8 elementor-widget elementor-widget-text-editor\" data-id=\"96c30e8\" data-element_type=\"widget\" data-e-type=\"widget\" data-widget_type=\"text-editor.default\">\n\t\t\t\t<div class=\"elementor-widget-container\">\n\t\t\t\t\t\t\t\t\t<p data-start=\"110\" data-end=\"236\">Be Haven est un concept, fond\u00e9e par Aur\u00e9lie et Gr\u00e9gory Ehrmann, d\u00e9di\u00e9 aux propri\u00e9t\u00e9s d&#8217;exception et \u00e0 la confidentialit\u00e9.<\/p><p data-start=\"110\" data-end=\"236\">\u00a0<\/p><p data-start=\"238\" data-end=\"407\">Port\u00e9 par une exigence architecturale sans compromis et une vision du luxe, Be Haven incarne un art de vivre o\u00f9 le design et l&#8217;excellence se rejoignent de mani\u00e8re harmonieuse.<\/p><p data-start=\"238\" data-end=\"407\">\u00a0<\/p><p data-start=\"409\" data-end=\"772\">Chaque propri\u00e9t\u00e9 se distingue par une architecture authentique, un emplacement strat\u00e9gique et une s\u00e9lection m\u00e9ticuleuse de mat\u00e9riaux qui subliment les volumes. De Courchevel 1850 \u00e0 Mougins, en passant par Saint-R\u00e9my-de-Provence, Be Haven d\u00e9voile une collection exclusive de prestige, tout en offrant une exp\u00e9rience unique \u00e0 une client\u00e8le toujours plus exigeante.<\/p><p data-start=\"409\" data-end=\"772\">\u00a0<\/p><p data-start=\"774\" data-end=\"1062\">Be Haven propose un accompagnement sur mesure qui r\u00e9pond aux plus hauts standards de l&#8217;ultra-luxe : prestations exclusives garantissant confidentialit\u00e9, s\u00e9r\u00e9nit\u00e9 et discr\u00e9tion. Le souci du d\u00e9tail d\u00e9finit notre essence. Chaque propri\u00e9t\u00e9 n&#8217;est pas simplement un lieu de s\u00e9jour ; elle se transforme en destination, en exp\u00e9rience&#8230; une v\u00e9ritable signature.<\/p><p data-start=\"774\" data-end=\"1062\">\u00a0<\/p><p data-start=\"1064\" data-end=\"1101\"><em>Be Haven \u2014 Your Exclusive Escape.<\/em><\/p>\t\t\t\t\t\t\t\t<\/div>\n\t\t\t\t<\/div>\n\t\t\t\t\t<\/div>\n\t\t<\/div>\n\t\t\t\t<div class=\"elementor-column elementor-col-50 elementor-top-column elementor-element elementor-element-6d3adc7\" data-id=\"6d3adc7\" data-element_type=\"column\" data-e-type=\"column\">\n\t\t\t<div class=\"elementor-widget-wrap elementor-element-populated\">\n\t\t\t\t\t\t<div class=\"elementor-element elementor-element-34d185f elementor-widget elementor-widget-image\" data-id=\"34d185f\" data-element_type=\"widget\" data-e-type=\"widget\" data-widget_type=\"image.default\">\n\t\t\t\t<div class=\"elementor-widget-container\">\n\t\t\t\t\t\t\t\t\t\t\t\t\t\t\t<img fetchpriority=\"high\" decoding=\"async\" width=\"1200\" height=\"1600\" src=\"https:\/\/i0.wp.com\/behaven-properties.com\/wp-content\/uploads\/2026\/02\/Louria_EhrmannsPartners_042.jpg?fit=1200%2C1600&amp;ssl=1\" class=\"attachment-full size-full wp-image-2992\" alt=\"\" srcset=\"https:\/\/i0.wp.com\/behaven-properties.com\/wp-content\/uploads\/2026\/02\/Louria_EhrmannsPartners_042.jpg?w=1200&amp;ssl=1 1200w, https:\/\/i0.wp.com\/behaven-properties.com\/wp-content\/uploads\/2026\/02\/Louria_EhrmannsPartners_042.jpg?resize=225%2C300&amp;ssl=1 225w, https:\/\/i0.wp.com\/behaven-properties.com\/wp-content\/uploads\/2026\/02\/Louria_EhrmannsPartners_042.jpg?resize=768%2C1024&amp;ssl=1 768w, https:\/\/i0.wp.com\/behaven-properties.com\/wp-content\/uploads\/2026\/02\/Louria_EhrmannsPartners_042.jpg?resize=1152%2C1536&amp;ssl=1 1152w, https:\/\/i0.wp.com\/behaven-properties.com\/wp-content\/uploads\/2026\/02\/Louria_EhrmannsPartners_042.jpg?resize=600%2C800&amp;ssl=1 600w, https:\/\/i0.wp.com\/behaven-properties.com\/wp-content\/uploads\/2026\/02\/Louria_EhrmannsPartners_042.jpg?resize=700%2C933&amp;ssl=1 700w\" sizes=\"(max-width: 1060px) 100vw, 1060px\" \/>\t\t\t\t\t\t\t\t\t\t\t\t\t\t\t<\/div>\n\t\t\t\t<\/div>\n\t\t\t\t\t<\/div>\n\t\t<\/div>\n\t\t\t\t\t<\/div>\n\t\t<\/section>\n\t\t\t\t<\/div>\n\t\t","protected":false},"excerpt":{"rendered":"<p>\u00c0 propos de Be Haven Be Haven est un concept, fond\u00e9e par Aur\u00e9lie et Gr\u00e9gory Ehrmann, d\u00e9di\u00e9 aux propri\u00e9t\u00e9s d&#8217;exception et \u00e0 la confidentialit\u00e9. \u00a0 Port\u00e9 par une exigence architecturale sans compromis et une vision du luxe, Be Haven incarne un art de vivre o\u00f9&#8230;<\/p>\n","protected":false},"author":1,"featured_media":0,"parent":0,"menu_order":0,"comment_status":"closed","ping_status":"closed","template":"full_width.php","meta":{"nf_dc_page":"","footnotes":""},"class_list":["post-3024","page","type-page","status-publish","hentry"],"yoast_head":"<!-- This site is optimized with the Yoast SEO plugin v27.5 - https:\/\/yoast.com\/product\/yoast-seo-wordpress\/ -->\n<title>A propos Be Haven Properties | Propri\u00e9t\u00e9s prestigieuses<\/title>\n<meta name=\"description\" content=\"De Courchevel 1850 \u00e0 Mougins, en passant par Saint-R\u00e9my-de-Provence, Be Haven d\u00e9voile une collection exclusive de propri\u00e9t\u00e9s prestigieuses.\" \/>\n<meta name=\"robots\" content=\"index, follow, max-snippet:-1, max-image-preview:large, max-video-preview:-1\" \/>\n<link rel=\"canonical\" href=\"https:\/\/behaven-properties.com\/fr\/a-propos-be-haven\/\" \/>\n<meta property=\"og:locale\" content=\"fr_FR\" \/>\n<meta property=\"og:type\" content=\"article\" \/>\n<meta property=\"og:title\" content=\"A propos Be Haven Properties | Propri\u00e9t\u00e9s prestigieuses\" \/>\n<meta property=\"og:description\" content=\"De Courchevel 1850 \u00e0 Mougins, en passant par Saint-R\u00e9my-de-Provence, Be Haven d\u00e9voile une collection exclusive de propri\u00e9t\u00e9s prestigieuses.\" \/>\n<meta property=\"og:url\" content=\"https:\/\/behaven-properties.com\/fr\/a-propos-be-haven\/\" \/>\n<meta property=\"og:site_name\" content=\"Be Haven Properties\" \/>\n<meta property=\"article:modified_time\" content=\"2026-02-13T03:25:52+00:00\" \/>\n<meta property=\"og:image\" content=\"https:\/\/behaven-properties.com\/wp-content\/uploads\/2026\/02\/Louria_EhrmannsPartners_042.jpg\" \/>\n<meta name=\"twitter:card\" content=\"summary_large_image\" \/>\n<meta name=\"twitter:label1\" content=\"Dur\u00e9e de lecture estim\u00e9e\" \/>\n\t<meta name=\"twitter:data1\" content=\"1 minute\" \/>\n<script type=\"application\/ld+json\" class=\"yoast-schema-graph\">{\"@context\":\"https:\\\/\\\/schema.org\",\"@graph\":[{\"@type\":\"WebPage\",\"@id\":\"https:\\\/\\\/behaven-properties.com\\\/fr\\\/a-propos-be-haven\\\/\",\"url\":\"https:\\\/\\\/behaven-properties.com\\\/fr\\\/a-propos-be-haven\\\/\",\"name\":\"A propos Be Haven Properties | Propri\u00e9t\u00e9s prestigieuses\",\"isPartOf\":{\"@id\":\"https:\\\/\\\/behaven-properties.com\\\/#website\"},\"primaryImageOfPage\":{\"@id\":\"https:\\\/\\\/behaven-properties.com\\\/fr\\\/a-propos-be-haven\\\/#primaryimage\"},\"image\":{\"@id\":\"https:\\\/\\\/behaven-properties.com\\\/fr\\\/a-propos-be-haven\\\/#primaryimage\"},\"thumbnailUrl\":\"https:\\\/\\\/behaven-properties.com\\\/wp-content\\\/uploads\\\/2026\\\/02\\\/Louria_EhrmannsPartners_042.jpg\",\"datePublished\":\"2020-02-12T15:11:13+00:00\",\"dateModified\":\"2026-02-13T03:25:52+00:00\",\"description\":\"De Courchevel 1850 \u00e0 Mougins, en passant par Saint-R\u00e9my-de-Provence, Be Haven d\u00e9voile une collection exclusive de propri\u00e9t\u00e9s prestigieuses.\",\"breadcrumb\":{\"@id\":\"https:\\\/\\\/behaven-properties.com\\\/fr\\\/a-propos-be-haven\\\/#breadcrumb\"},\"inLanguage\":\"fr-FR\",\"potentialAction\":[{\"@type\":\"ReadAction\",\"target\":[\"https:\\\/\\\/behaven-properties.com\\\/fr\\\/a-propos-be-haven\\\/\"]}]},{\"@type\":\"ImageObject\",\"inLanguage\":\"fr-FR\",\"@id\":\"https:\\\/\\\/behaven-properties.com\\\/fr\\\/a-propos-be-haven\\\/#primaryimage\",\"url\":\"https:\\\/\\\/behaven-properties.com\\\/wp-content\\\/uploads\\\/2026\\\/02\\\/Louria_EhrmannsPartners_042.jpg\",\"contentUrl\":\"https:\\\/\\\/behaven-properties.com\\\/wp-content\\\/uploads\\\/2026\\\/02\\\/Louria_EhrmannsPartners_042.jpg\"},{\"@type\":\"BreadcrumbList\",\"@id\":\"https:\\\/\\\/behaven-properties.com\\\/fr\\\/a-propos-be-haven\\\/#breadcrumb\",\"itemListElement\":[{\"@type\":\"ListItem\",\"position\":1,\"name\":\"Home\",\"item\":\"https:\\\/\\\/behaven-properties.com\\\/\"},{\"@type\":\"ListItem\",\"position\":2,\"name\":\"A propos\"}]},{\"@type\":\"WebSite\",\"@id\":\"https:\\\/\\\/behaven-properties.com\\\/#website\",\"url\":\"https:\\\/\\\/behaven-properties.com\\\/\",\"name\":\"Be Haven Properties\",\"description\":\"Your Exclusive Escape\",\"publisher\":{\"@id\":\"https:\\\/\\\/behaven-properties.com\\\/#organization\"},\"alternateName\":\"Be Haven\",\"potentialAction\":[{\"@type\":\"SearchAction\",\"target\":{\"@type\":\"EntryPoint\",\"urlTemplate\":\"https:\\\/\\\/behaven-properties.com\\\/?s={search_term_string}\"},\"query-input\":{\"@type\":\"PropertyValueSpecification\",\"valueRequired\":true,\"valueName\":\"search_term_string\"}}],\"inLanguage\":\"fr-FR\"},{\"@type\":\"Organization\",\"@id\":\"https:\\\/\\\/behaven-properties.com\\\/#organization\",\"name\":\"Be Haven\",\"alternateName\":\"Be Haven Properties\",\"url\":\"https:\\\/\\\/behaven-properties.com\\\/\",\"logo\":{\"@type\":\"ImageObject\",\"inLanguage\":\"fr-FR\",\"@id\":\"https:\\\/\\\/behaven-properties.com\\\/#\\\/schema\\\/logo\\\/image\\\/\",\"url\":\"https:\\\/\\\/behaven-properties.com\\\/wp-content\\\/uploads\\\/2025\\\/01\\\/BeHaven-LogoBLK.png\",\"contentUrl\":\"https:\\\/\\\/behaven-properties.com\\\/wp-content\\\/uploads\\\/2025\\\/01\\\/BeHaven-LogoBLK.png\",\"width\":1800,\"height\":1800,\"caption\":\"Be Haven\"},\"image\":{\"@id\":\"https:\\\/\\\/behaven-properties.com\\\/#\\\/schema\\\/logo\\\/image\\\/\"}}]}<\/script>\n<!-- \/ Yoast SEO plugin. -->","yoast_head_json":{"title":"A propos Be Haven Properties | Propri\u00e9t\u00e9s prestigieuses","description":"De Courchevel 1850 \u00e0 Mougins, en passant par Saint-R\u00e9my-de-Provence, Be Haven d\u00e9voile une collection exclusive de propri\u00e9t\u00e9s prestigieuses.","robots":{"index":"index","follow":"follow","max-snippet":"max-snippet:-1","max-image-preview":"max-image-preview:large","max-video-preview":"max-video-preview:-1"},"canonical":"https:\/\/behaven-properties.com\/fr\/a-propos-be-haven\/","og_locale":"fr_FR","og_type":"article","og_title":"A propos Be Haven Properties | Propri\u00e9t\u00e9s prestigieuses","og_description":"De Courchevel 1850 \u00e0 Mougins, en passant par Saint-R\u00e9my-de-Provence, Be Haven d\u00e9voile une collection exclusive de propri\u00e9t\u00e9s prestigieuses.","og_url":"https:\/\/behaven-properties.com\/fr\/a-propos-be-haven\/","og_site_name":"Be Haven Properties","article_modified_time":"2026-02-13T03:25:52+00:00","og_image":[{"url":"https:\/\/behaven-properties.com\/wp-content\/uploads\/2026\/02\/Louria_EhrmannsPartners_042.jpg","type":"","width":"","height":""}],"twitter_card":"summary_large_image","twitter_misc":{"Dur\u00e9e de lecture estim\u00e9e":"1 minute"},"schema":{"@context":"https:\/\/schema.org","@graph":[{"@type":"WebPage","@id":"https:\/\/behaven-properties.com\/fr\/a-propos-be-haven\/","url":"https:\/\/behaven-properties.com\/fr\/a-propos-be-haven\/","name":"A propos Be Haven Properties | Propri\u00e9t\u00e9s prestigieuses","isPartOf":{"@id":"https:\/\/behaven-properties.com\/#website"},"primaryImageOfPage":{"@id":"https:\/\/behaven-properties.com\/fr\/a-propos-be-haven\/#primaryimage"},"image":{"@id":"https:\/\/behaven-properties.com\/fr\/a-propos-be-haven\/#primaryimage"},"thumbnailUrl":"https:\/\/behaven-properties.com\/wp-content\/uploads\/2026\/02\/Louria_EhrmannsPartners_042.jpg","datePublished":"2020-02-12T15:11:13+00:00","dateModified":"2026-02-13T03:25:52+00:00","description":"De Courchevel 1850 \u00e0 Mougins, en passant par Saint-R\u00e9my-de-Provence, Be Haven d\u00e9voile une collection exclusive de propri\u00e9t\u00e9s prestigieuses.","breadcrumb":{"@id":"https:\/\/behaven-properties.com\/fr\/a-propos-be-haven\/#breadcrumb"},"inLanguage":"fr-FR","potentialAction":[{"@type":"ReadAction","target":["https:\/\/behaven-properties.com\/fr\/a-propos-be-haven\/"]}]},{"@type":"ImageObject","inLanguage":"fr-FR","@id":"https:\/\/behaven-properties.com\/fr\/a-propos-be-haven\/#primaryimage","url":"https:\/\/behaven-properties.com\/wp-content\/uploads\/2026\/02\/Louria_EhrmannsPartners_042.jpg","contentUrl":"https:\/\/behaven-properties.com\/wp-content\/uploads\/2026\/02\/Louria_EhrmannsPartners_042.jpg"},{"@type":"BreadcrumbList","@id":"https:\/\/behaven-properties.com\/fr\/a-propos-be-haven\/#breadcrumb","itemListElement":[{"@type":"ListItem","position":1,"name":"Home","item":"https:\/\/behaven-properties.com\/"},{"@type":"ListItem","position":2,"name":"A propos"}]},{"@type":"WebSite","@id":"https:\/\/behaven-properties.com\/#website","url":"https:\/\/behaven-properties.com\/","name":"Be Haven Properties","description":"Your Exclusive Escape","publisher":{"@id":"https:\/\/behaven-properties.com\/#organization"},"alternateName":"Be Haven","potentialAction":[{"@type":"SearchAction","target":{"@type":"EntryPoint","urlTemplate":"https:\/\/behaven-properties.com\/?s={search_term_string}"},"query-input":{"@type":"PropertyValueSpecification","valueRequired":true,"valueName":"search_term_string"}}],"inLanguage":"fr-FR"},{"@type":"Organization","@id":"https:\/\/behaven-properties.com\/#organization","name":"Be Haven","alternateName":"Be Haven Properties","url":"https:\/\/behaven-properties.com\/","logo":{"@type":"ImageObject","inLanguage":"fr-FR","@id":"https:\/\/behaven-properties.com\/#\/schema\/logo\/image\/","url":"https:\/\/behaven-properties.com\/wp-content\/uploads\/2025\/01\/BeHaven-LogoBLK.png","contentUrl":"https:\/\/behaven-properties.com\/wp-content\/uploads\/2025\/01\/BeHaven-LogoBLK.png","width":1800,"height":1800,"caption":"Be Haven"},"image":{"@id":"https:\/\/behaven-properties.com\/#\/schema\/logo\/image\/"}}]}},"jetpack_sharing_enabled":true,"_links":{"self":[{"href":"https:\/\/behaven-properties.com\/fr\/wp-json\/wp\/v2\/pages\/3024","targetHints":{"allow":["GET"]}}],"collection":[{"href":"https:\/\/behaven-properties.com\/fr\/wp-json\/wp\/v2\/pages"}],"about":[{"href":"https:\/\/behaven-properties.com\/fr\/wp-json\/wp\/v2\/types\/page"}],"author":[{"embeddable":true,"href":"https:\/\/behaven-properties.com\/fr\/wp-json\/wp\/v2\/users\/1"}],"replies":[{"embeddable":true,"href":"https:\/\/behaven-properties.com\/fr\/wp-json\/wp\/v2\/comments?post=3024"}],"version-history":[{"count":6,"href":"https:\/\/behaven-properties.com\/fr\/wp-json\/wp\/v2\/pages\/3024\/revisions"}],"predecessor-version":[{"id":3030,"href":"https:\/\/behaven-properties.com\/fr\/wp-json\/wp\/v2\/pages\/3024\/revisions\/3030"}],"wp:attachment":[{"href":"https:\/\/behaven-properties.com\/fr\/wp-json\/wp\/v2\/media?parent=3024"}],"curies":[{"name":"wp","href":"https:\/\/api.w.org\/{rel}","templated":true}]}}